{"id":5,"date":"2024-05-20T15:33:29","date_gmt":"2024-05-20T15:33:29","guid":{"rendered":"http:\/\/yarneeventos.com.ar\/salones\/?page_id=5"},"modified":"2026-02-20T12:42:03","modified_gmt":"2026-02-20T12:42:03","slug":"parque-chacabuco-curapaligue","status":"publish","type":"page","link":"https:\/\/yarneeventos.com.ar\/salones\/parque-chacabuco-curapaligue\/","title":{"rendered":"Sal\u00f3n Parque Chacabuco Curapaligue"},"content":{"rendered":"<div class=\"n2_clear\"><ss3-force-full-width data-overflow-x=\"body\" data-horizontal-selector=\"body\"><div class=\"n2-section-smartslider fitvidsignore  n2_clear\" data-ssid=\"5\"><div id=\"n2-ss-5-align\" class=\"n2-ss-align\"><div class=\"n2-padding\"><div id=\"n2-ss-5\" data-creator=\"Smart Slider 3\" data-responsive=\"fullwidth\" class=\"n2-ss-slider n2-ow n2-has-hover n2notransition  \">\n        <div class=\"n2-ss-slider-1 n2-ow\">\n            <div class=\"n2-ss-slider-2 n2-ow\">\n                <div class=\"n2-ss-slide-backgrounds n2-ow-all\"><div class=\"n2-ss-slide-background\" data-public-id=\"1\" data-mode=\"fill\"><div class=\"n2-ss-slide-background-image\" data-blur=\"0\" data-opacity=\"100\" data-x=\"50\" data-y=\"50\" data-alt=\"\" data-title=\"\"><picture class=\"skip-lazy\" data-skip-lazy=\"1\"><img decoding=\"async\" src=\"\/\/yarneeventos.com.ar\/salones\/wp-content\/uploads\/2024\/05\/curapaligue.jpg\" alt=\"\" title=\"\" loading=\"lazy\" class=\"skip-lazy\" data-skip-lazy=\"1\"><\/picture><\/div><div data-gradient=\"vertical\" data-color-start=\"RGBA(0,0,0,0.8)\" data-color-end=\"RGBA(255,255,255,0)\" style=\"background:linear-gradient(to bottom, RGBA(0,0,0,0.8) 0%,RGBA(255,255,255,0) 100%);\" class=\"n2-ss-slide-background-color\" data-overlay=\"1\"><\/div><\/div><\/div>                <div class=\"n2-ss-slider-3 n2-ow\">\n                    <svg xmlns=\"http:\/\/www.w3.org\/2000\/svg\" viewBox=\"0 0 1200 600\" data-related-device=\"desktopPortrait\" class=\"n2-ow n2-ss-preserve-size n2-ss-preserve-size--slider n2-ss-slide-limiter\"><\/svg><div data-first=\"1\" data-slide-duration=\"0\" data-id=\"8\" data-slide-public-id=\"1\" data-title=\"belgrano\" class=\"n2-ss-slide n2-ow  n2-ss-slide-8\"><div role=\"note\" class=\"n2-ss-slide--focus\" tabindex=\"-1\">belgrano<\/div><div class=\"n2-ss-layers-container n2-ss-slide-limiter n2-ow\"><div class=\"n2-ss-layer n2-ow n-uc-9LaLB3oPbBc9\" data-sstype=\"slide\" data-pm=\"default\"><div class=\"n2-ss-layer n2-ow n-uc-2XCtx1soZCiX\" data-pm=\"default\" data-sstype=\"content\" data-hasbackground=\"0\"><div class=\"n2-ss-section-main-content n2-ss-layer-with-background n2-ss-layer-content n2-ow n-uc-2XCtx1soZCiX-inner\"><div class=\"n2-ss-layer n2-ow n-uc-wQaeYenpm8qf\" data-pm=\"normal\" data-sstype=\"layer\"><div class=\"n2-ss-item-content n2-ss-text n2-ow-all\"><div class=\"\"><p class=\"n2-font-9f553664b49aa6d88b53b5ff07d51f95-paragraph  n2-style-a8c16f05c2ef3384a4270dfc737d784f-heading  \">Sal\u00f3n<\/p>\n<\/div><\/div><\/div><div class=\"n2-ss-layer n2-ow n-uc-LdIVlC3Fhwrg\" data-pm=\"normal\" data-sstype=\"layer\"><div class=\"n2-ss-item-content n2-ss-text n2-ow-all\"><div class=\"\"><p class=\"n2-font-ddc75500f310ee098288d17f04bdd05e-paragraph  n2-style-a8c16f05c2ef3384a4270dfc737d784f-heading  \">Parque Chacabuco<\/p>\n<\/div><\/div><\/div><div class=\"n2-ss-layer n2-ow n-uc-eaOQ750kYWLs\" data-pm=\"normal\" data-sstype=\"layer\"><div class=\"n2-ss-item-content n2-ss-text n2-ow-all\"><div class=\"\"><p class=\"n2-font-a76479dd1591c1c9775563ab41ac1d68-paragraph  n2-style-a8c16f05c2ef3384a4270dfc737d784f-heading  \">Av. Curapalig\u00fce frente al Parque<\/p>\n<\/div><\/div><\/div><\/div><\/div><\/div><\/div><\/div>                <\/div>\n                            <\/div>\n        <\/div>\n        <\/div><ss3-loader><\/ss3-loader><\/div><\/div><div class=\"n2_clear\"><\/div><\/div><\/ss3-force-full-width><\/div>\n\n\n<div style=\"height:37px\" aria-hidden=\"true\" class=\"wp-block-spacer\"><\/div>\n\n\n\n<p class=\"has-text-align-center has-neve-link-hover-color-color has-text-color has-link-color wp-elements-6b39b6a5c5edafc365df38edafe9e0d9\" style=\"font-size:25px\" data-aos=\"slide-up\" data-aos-delay=\"350\" data-aos-duration=\"1150\">Gracias por visitar Yarn\u00e9 Eventos, a continuaci\u00f3n se podr\u00e1n ver im\u00e1genes, videos e informaci\u00f3n sobre el sal\u00f3n y sus servicios.<\/p>\n\n\n\n<div style=\"height:51px\" aria-hidden=\"true\" class=\"wp-block-spacer\"><\/div>\n\n\n\n<div class=\"wp-block-buttons alignwide is-content-justification-center is-layout-flex wp-container-core-buttons-is-layout-16018d1d wp-block-buttons-is-layout-flex\">\n<div class=\"wp-block-button has-custom-width wp-block-button__width-75 is-style-default\"><a class=\"wp-block-button__link has-nv-site-bg-color has-neve-link-hover-color-background-color has-text-color has-background has-link-color has-custom-font-size wp-element-button\" href=\"https:\/\/yarneeventos.com.ar\/catering\/\" style=\"border-style:none;border-width:0px;border-top-left-radius:20px;border-top-right-radius:20px;border-bottom-left-radius:20px;border-bottom-right-radius:20px;padding-top:var(--wp--preset--spacing--50);padding-right:var(--wp--preset--spacing--30);padding-bottom:var(--wp--preset--spacing--50);padding-left:var(--wp--preset--spacing--30);font-size:30px\">CATERING<br>Ver opciones de Men\u00fa<\/a><\/div>\n<\/div>\n\n\n\n<div style=\"height:57px\" aria-hidden=\"true\" class=\"wp-block-spacer\"><\/div>\n\n\n\n<figure class=\"wp-block-video\"><video height=\"478\" style=\"aspect-ratio: 848 \/ 478;\" width=\"848\" controls src=\"https:\/\/yarneeventos.com.ar\/salones\/wp-content\/uploads\/2024\/11\/WhatsApp-Video-2024-09-17-at-13.53.12.mp4\"><\/video><\/figure>\n\n\n\n<figure class=\"wp-block-video\"><video height=\"720\" style=\"aspect-ratio: 1280 \/ 720;\" width=\"1280\" controls src=\"https:\/\/yarneeventos.com.ar\/salones\/wp-content\/uploads\/2024\/06\/Mi-video-1.mp4\"><\/video><\/figure>\n\n\n\n<div style=\"height:38px\" aria-hidden=\"true\" class=\"wp-block-spacer\"><\/div>\n\n\n\n<figure class=\"wp-block-video\"><video height=\"480\" style=\"aspect-ratio: 848 \/ 480;\" width=\"848\" controls src=\"https:\/\/yarneeventos.com.ar\/salones\/wp-content\/uploads\/2024\/05\/curapaliguue.mp4\"><\/video><\/figure>\n\n\n\n<div style=\"height:43px\" aria-hidden=\"true\" class=\"wp-block-spacer\"><\/div>\n\n\n\n<figure class=\"wp-block-video\"><video height=\"352\" style=\"aspect-ratio: 640 \/ 352;\" width=\"640\" controls src=\"https:\/\/yarneeventos.com.ar\/salones\/wp-content\/uploads\/2024\/05\/chacabuco-saraza.mp4\"><\/video><\/figure>\n\n\n\n<figure class=\"wp-block-video\"><video height=\"480\" style=\"aspect-ratio: 848 \/ 480;\" width=\"848\" controls src=\"https:\/\/yarneeventos.com.ar\/salones\/wp-content\/uploads\/2024\/05\/curapaligue2.mp4\"><\/video><\/figure>\n\n\n\n<div style=\"height:34px\" aria-hidden=\"true\" class=\"wp-block-spacer\"><\/div>\n\n\n\n<figure class=\"wp-block-gallery has-nested-images columns-default is-cropped wp-block-gallery-1 is-layout-flex wp-block-gallery-is-layout-flex\">\n<figure class=\"wp-block-image size-large\"><a href=\"https:\/\/yarneeventos.com.ar\/salones\/wp-content\/uploads\/2024\/05\/e1f72997-d78c-4b17-a231-6d39a4c15abd.jpg\"><img loading=\"lazy\" decoding=\"async\" width=\"1024\" height=\"682\" data-id=\"220\" src=\"https:\/\/yarneeventos.com.ar\/salones\/wp-content\/uploads\/2024\/05\/e1f72997-d78c-4b17-a231-6d39a4c15abd-1024x682.jpg\" alt=\"\" class=\"wp-image-220\" srcset=\"https:\/\/yarneeventos.com.ar\/salones\/wp-content\/uploads\/2024\/05\/e1f72997-d78c-4b17-a231-6d39a4c15abd-1024x682.jpg 1024w, https:\/\/yarneeventos.com.ar\/salones\/wp-content\/uploads\/2024\/05\/e1f72997-d78c-4b17-a231-6d39a4c15abd-300x200.jpg 300w, https:\/\/yarneeventos.com.ar\/salones\/wp-content\/uploads\/2024\/05\/e1f72997-d78c-4b17-a231-6d39a4c15abd-768x512.jpg 768w, https:\/\/yarneeventos.com.ar\/salones\/wp-content\/uploads\/2024\/05\/e1f72997-d78c-4b17-a231-6d39a4c15abd-1536x1023.jpg 1536w, https:\/\/yarneeventos.com.ar\/salones\/wp-content\/uploads\/2024\/05\/e1f72997-d78c-4b17-a231-6d39a4c15abd-930x620.jpg 930w, https:\/\/yarneeventos.com.ar\/salones\/wp-content\/uploads\/2024\/05\/e1f72997-d78c-4b17-a231-6d39a4c15abd.jpg 1600w\" sizes=\"auto, (max-width: 1024px) 100vw, 1024px\" \/><\/a><\/figure>\n\n\n\n<figure class=\"wp-block-image size-large\"><a href=\"https:\/\/yarneeventos.com.ar\/salones\/wp-content\/uploads\/2024\/05\/9c372274-9b69-47eb-b61c-c409cce23a89.jpg\"><img loading=\"lazy\" decoding=\"async\" width=\"1024\" height=\"682\" data-id=\"221\" src=\"https:\/\/yarneeventos.com.ar\/salones\/wp-content\/uploads\/2024\/05\/9c372274-9b69-47eb-b61c-c409cce23a89-1024x682.jpg\" alt=\"\" class=\"wp-image-221\" srcset=\"https:\/\/yarneeventos.com.ar\/salones\/wp-content\/uploads\/2024\/05\/9c372274-9b69-47eb-b61c-c409cce23a89-1024x682.jpg 1024w, https:\/\/yarneeventos.com.ar\/salones\/wp-content\/uploads\/2024\/05\/9c372274-9b69-47eb-b61c-c409cce23a89-300x200.jpg 300w, https:\/\/yarneeventos.com.ar\/salones\/wp-content\/uploads\/2024\/05\/9c372274-9b69-47eb-b61c-c409cce23a89-768x512.jpg 768w, https:\/\/yarneeventos.com.ar\/salones\/wp-content\/uploads\/2024\/05\/9c372274-9b69-47eb-b61c-c409cce23a89-1536x1023.jpg 1536w, https:\/\/yarneeventos.com.ar\/salones\/wp-content\/uploads\/2024\/05\/9c372274-9b69-47eb-b61c-c409cce23a89-930x620.jpg 930w, https:\/\/yarneeventos.com.ar\/salones\/wp-content\/uploads\/2024\/05\/9c372274-9b69-47eb-b61c-c409cce23a89.jpg 1600w\" sizes=\"auto, (max-width: 1024px) 100vw, 1024px\" \/><\/a><\/figure>\n<\/figure>\n\n\n\n<div style=\"height:39px\" aria-hidden=\"true\" class=\"wp-block-spacer\"><\/div>\n\n\n\n<figure class=\"wp-block-video\"><video height=\"480\" style=\"aspect-ratio: 848 \/ 480;\" width=\"848\" controls src=\"http:\/\/yarneeventos.com.ar\/salones\/wp-content\/uploads\/2024\/05\/Av.-Curapaligue-frente-al-Parque-Chacabuco.mp4\"><\/video><\/figure>\n\n\n\n<div class=\"wp-block-buttons is-content-justification-center is-layout-flex wp-container-core-buttons-is-layout-16018d1d wp-block-buttons-is-layout-flex\"><\/div>\n\n\n\n<div style=\"height:48px\" aria-hidden=\"true\" class=\"wp-block-spacer\"><\/div>\n\n\n\n<p class=\"has-text-align-center has-medium-font-size\">Plataforma 360<\/p>\n\n\n\n<figure class=\"wp-block-video aligncenter\"><video height=\"720\" style=\"aspect-ratio: 406 \/ 720;\" width=\"406\" controls src=\"http:\/\/yarneeventos.com.ar\/salones\/wp-content\/uploads\/2024\/05\/plataforma-360.mp4\" playsinline><\/video><\/figure>\n\n\n\n<p><\/p>\n\n\n\n<div style=\"height:34px\" aria-hidden=\"true\" class=\"wp-block-spacer\"><\/div>\n\n\n\n<p class=\"has-text-align-center\"><\/p>\n\n\n\n<figure class=\"wp-block-video\"><video height=\"720\" style=\"aspect-ratio: 1280 \/ 720;\" width=\"1280\" controls src=\"https:\/\/yarneeventos.com.ar\/salones\/wp-content\/uploads\/2025\/06\/Publicidad-Carlos-m.mp4\"><\/video><\/figure>\n\n\n\n<div style=\"height:38px\" aria-hidden=\"true\" class=\"wp-block-spacer\"><\/div>\n\n\n\n<div class=\"wp-block-buttons alignwide is-content-justification-center is-layout-flex wp-container-core-buttons-is-layout-16018d1d wp-block-buttons-is-layout-flex\">\n<div class=\"wp-block-button\"><a class=\"wp-block-button__link wp-element-button\" href=\"https:\/\/yarneeventos.com.ar\/catering\/\">Catering &#8211; Ver opciones de Men\u00fa<\/a><\/div>\n<\/div>\n\n\n\n<div style=\"height:36px\" aria-hidden=\"true\" class=\"wp-block-spacer\"><\/div>\n\n\n\n<div style=\"height:56px\" aria-hidden=\"true\" class=\"wp-block-spacer\"><\/div>\n\n\n\n<p class=\"has-text-align-center has-medium-font-size\"><strong>Testimonios<\/strong><\/p>\n\n\n\n<div class=\"wp-block-columns is-layout-flex wp-container-core-columns-is-layout-9d6595d7 wp-block-columns-is-layout-flex\">\n<div class=\"wp-block-column is-layout-flow wp-block-column-is-layout-flow\">\n<figure class=\"wp-block-video aligncenter\"><video height=\"960\" style=\"aspect-ratio: 544 \/ 960;\" width=\"544\" controls src=\"https:\/\/yarneeventos.com.ar\/salones\/wp-content\/uploads\/2024\/05\/testimonio.mp4\"><\/video><\/figure>\n<\/div>\n\n\n\n<div class=\"wp-block-column is-layout-flow wp-block-column-is-layout-flow\">\n<figure class=\"wp-block-video aligncenter\"><video height=\"960\" style=\"aspect-ratio: 544 \/ 960;\" width=\"544\" controls src=\"https:\/\/yarneeventos.com.ar\/salones\/wp-content\/uploads\/2024\/05\/testimonio2.mp4\"><\/video><\/figure>\n<\/div>\n\n\n\n<div class=\"wp-block-column is-layout-flow wp-block-column-is-layout-flow\">\n<figure class=\"wp-block-video aligncenter\"><video height=\"864\" style=\"aspect-ratio: 480 \/ 864;\" width=\"480\" controls src=\"https:\/\/yarneeventos.com.ar\/salones\/wp-content\/uploads\/2024\/05\/testimonio3.mp4\"><\/video><\/figure>\n<\/div>\n<\/div>\n\n\n\n<div class=\"wp-block-columns is-layout-flex wp-container-core-columns-is-layout-9d6595d7 wp-block-columns-is-layout-flex\">\n<div class=\"wp-block-column is-layout-flow wp-block-column-is-layout-flow\" style=\"flex-basis:25%\">\n<figure class=\"wp-block-video aligncenter\"><video height=\"960\" style=\"aspect-ratio: 544 \/ 960;\" width=\"544\" controls src=\"https:\/\/yarneeventos.com.ar\/salones\/wp-content\/uploads\/2024\/05\/testimonio4.mp4\"><\/video><\/figure>\n<\/div>\n\n\n\n<div class=\"wp-block-column is-layout-flow wp-block-column-is-layout-flow\" style=\"flex-basis:50%\">\n<figure class=\"wp-block-video aligncenter\"><video height=\"960\" style=\"aspect-ratio: 544 \/ 960;\" width=\"544\" controls src=\"https:\/\/yarneeventos.com.ar\/salones\/wp-content\/uploads\/2024\/05\/testimonios5.mp4\"><\/video><\/figure>\n<\/div>\n\n\n\n<div class=\"wp-block-column is-layout-flow wp-block-column-is-layout-flow\" style=\"flex-basis:25%\"><\/div>\n<\/div>\n\n\n\n<div class=\"wp-block-buttons is-content-justification-center is-layout-flex wp-container-core-buttons-is-layout-16018d1d wp-block-buttons-is-layout-flex\">\n<div class=\"wp-block-button\"><a class=\"wp-block-button__link wp-element-button\" href=\"https:\/\/yarneeventos.com.ar\/salones-de-fiesta-en-caba\/#contacto\">Contactanos!<\/a><\/div>\n<\/div>\n\n\n\n<div style=\"height:100px\" aria-hidden=\"true\" class=\"wp-block-spacer\"><\/div>\n","protected":false},"excerpt":{"rendered":"<p>Gracias por visitar Yarn\u00e9 Eventos, a continuaci\u00f3n se podr\u00e1n ver im\u00e1genes, videos e informaci\u00f3n sobre el sal\u00f3n y sus servicios. Plataforma 360 Testimonios<\/p>\n","protected":false},"author":2,"featured_media":0,"parent":0,"menu_order":0,"comment_status":"closed","ping_status":"closed","template":"","meta":{"neve_meta_sidebar":"","neve_meta_container":"","neve_meta_enable_content_width":"","neve_meta_content_width":0,"neve_meta_title_alignment":"","neve_meta_author_avatar":"","neve_post_elements_order":"","neve_meta_disable_header":"","neve_meta_disable_footer":"","neve_meta_disable_title":"on","footnotes":""},"class_list":["post-5","page","type-page","status-publish","hentry"],"yoast_head":"<!-- This site is optimized with the Yoast SEO plugin v27.4 - https:\/\/yoast.com\/product\/yoast-seo-wordpress\/ -->\n<title>Sal\u00f3n Parque Chacabuco Curapaligue - Yarne Eventos<\/title>\n<meta name=\"robots\" content=\"index, follow, max-snippet:-1, max-image-preview:large, max-video-preview:-1\" \/>\n<link rel=\"canonical\" href=\"https:\/\/yarneeventos.com.ar\/salones\/parque-chacabuco-curapaligue\/\" \/>\n<meta property=\"og:locale\" content=\"es_ES\" \/>\n<meta property=\"og:type\" content=\"article\" \/>\n<meta property=\"og:title\" content=\"Sal\u00f3n Parque Chacabuco Curapaligue - Yarne Eventos\" \/>\n<meta property=\"og:description\" content=\"Gracias por visitar Yarn\u00e9 Eventos, a continuaci\u00f3n se podr\u00e1n ver im\u00e1genes, videos e informaci\u00f3n sobre el sal\u00f3n y sus servicios. Plataforma 360 Testimonios\" \/>\n<meta property=\"og:url\" content=\"https:\/\/yarneeventos.com.ar\/salones\/parque-chacabuco-curapaligue\/\" \/>\n<meta property=\"og:site_name\" content=\"Yarne Eventos\" \/>\n<meta property=\"article:modified_time\" content=\"2026-02-20T12:42:03+00:00\" \/>\n<meta property=\"og:image\" content=\"https:\/\/yarneeventos.com.ar\/salones\/wp-content\/uploads\/2024\/05\/e1f72997-d78c-4b17-a231-6d39a4c15abd-1024x682.jpg\" \/>\n<meta name=\"twitter:card\" content=\"summary_large_image\" \/>\n<meta name=\"twitter:label1\" content=\"Tiempo de lectura\" \/>\n\t<meta name=\"twitter:data1\" content=\"1 minuto\" \/>\n<script type=\"application\/ld+json\" class=\"yoast-schema-graph\">{\"@context\":\"https:\\\/\\\/schema.org\",\"@graph\":[{\"@type\":\"WebPage\",\"@id\":\"https:\\\/\\\/yarneeventos.com.ar\\\/salones\\\/parque-chacabuco-curapaligue\\\/\",\"url\":\"https:\\\/\\\/yarneeventos.com.ar\\\/salones\\\/parque-chacabuco-curapaligue\\\/\",\"name\":\"Sal\u00f3n Parque Chacabuco Curapaligue - Yarne Eventos\",\"isPartOf\":{\"@id\":\"https:\\\/\\\/yarneeventos.com.ar\\\/salones\\\/#website\"},\"primaryImageOfPage\":{\"@id\":\"https:\\\/\\\/yarneeventos.com.ar\\\/salones\\\/parque-chacabuco-curapaligue\\\/#primaryimage\"},\"image\":{\"@id\":\"https:\\\/\\\/yarneeventos.com.ar\\\/salones\\\/parque-chacabuco-curapaligue\\\/#primaryimage\"},\"thumbnailUrl\":\"https:\\\/\\\/yarneeventos.com.ar\\\/salones\\\/wp-content\\\/uploads\\\/2024\\\/05\\\/e1f72997-d78c-4b17-a231-6d39a4c15abd-1024x682.jpg\",\"datePublished\":\"2024-05-20T15:33:29+00:00\",\"dateModified\":\"2026-02-20T12:42:03+00:00\",\"breadcrumb\":{\"@id\":\"https:\\\/\\\/yarneeventos.com.ar\\\/salones\\\/parque-chacabuco-curapaligue\\\/#breadcrumb\"},\"inLanguage\":\"es\",\"potentialAction\":[{\"@type\":\"ReadAction\",\"target\":[\"https:\\\/\\\/yarneeventos.com.ar\\\/salones\\\/parque-chacabuco-curapaligue\\\/\"]}]},{\"@type\":\"ImageObject\",\"inLanguage\":\"es\",\"@id\":\"https:\\\/\\\/yarneeventos.com.ar\\\/salones\\\/parque-chacabuco-curapaligue\\\/#primaryimage\",\"url\":\"https:\\\/\\\/yarneeventos.com.ar\\\/salones\\\/wp-content\\\/uploads\\\/2024\\\/05\\\/e1f72997-d78c-4b17-a231-6d39a4c15abd.jpg\",\"contentUrl\":\"https:\\\/\\\/yarneeventos.com.ar\\\/salones\\\/wp-content\\\/uploads\\\/2024\\\/05\\\/e1f72997-d78c-4b17-a231-6d39a4c15abd.jpg\",\"width\":1600,\"height\":1066},{\"@type\":\"BreadcrumbList\",\"@id\":\"https:\\\/\\\/yarneeventos.com.ar\\\/salones\\\/parque-chacabuco-curapaligue\\\/#breadcrumb\",\"itemListElement\":[{\"@type\":\"ListItem\",\"position\":1,\"name\":\"Portada\",\"item\":\"https:\\\/\\\/yarneeventos.com.ar\\\/salones\\\/\"},{\"@type\":\"ListItem\",\"position\":2,\"name\":\"Sal\u00f3n Parque Chacabuco Curapaligue\"}]},{\"@type\":\"WebSite\",\"@id\":\"https:\\\/\\\/yarneeventos.com.ar\\\/salones\\\/#website\",\"url\":\"https:\\\/\\\/yarneeventos.com.ar\\\/salones\\\/\",\"name\":\"Yarne Eventos\",\"description\":\"Salones de fiestas\",\"potentialAction\":[{\"@type\":\"SearchAction\",\"target\":{\"@type\":\"EntryPoint\",\"urlTemplate\":\"https:\\\/\\\/yarneeventos.com.ar\\\/salones\\\/?s={search_term_string}\"},\"query-input\":{\"@type\":\"PropertyValueSpecification\",\"valueRequired\":true,\"valueName\":\"search_term_string\"}}],\"inLanguage\":\"es\"}]}<\/script>\n<!-- \/ Yoast SEO plugin. -->","yoast_head_json":{"title":"Sal\u00f3n Parque Chacabuco Curapaligue - Yarne Eventos","robots":{"index":"index","follow":"follow","max-snippet":"max-snippet:-1","max-image-preview":"max-image-preview:large","max-video-preview":"max-video-preview:-1"},"canonical":"https:\/\/yarneeventos.com.ar\/salones\/parque-chacabuco-curapaligue\/","og_locale":"es_ES","og_type":"article","og_title":"Sal\u00f3n Parque Chacabuco Curapaligue - Yarne Eventos","og_description":"Gracias por visitar Yarn\u00e9 Eventos, a continuaci\u00f3n se podr\u00e1n ver im\u00e1genes, videos e informaci\u00f3n sobre el sal\u00f3n y sus servicios. Plataforma 360 Testimonios","og_url":"https:\/\/yarneeventos.com.ar\/salones\/parque-chacabuco-curapaligue\/","og_site_name":"Yarne Eventos","article_modified_time":"2026-02-20T12:42:03+00:00","og_image":[{"url":"https:\/\/yarneeventos.com.ar\/salones\/wp-content\/uploads\/2024\/05\/e1f72997-d78c-4b17-a231-6d39a4c15abd-1024x682.jpg","type":"","width":"","height":""}],"twitter_card":"summary_large_image","twitter_misc":{"Tiempo de lectura":"1 minuto"},"schema":{"@context":"https:\/\/schema.org","@graph":[{"@type":"WebPage","@id":"https:\/\/yarneeventos.com.ar\/salones\/parque-chacabuco-curapaligue\/","url":"https:\/\/yarneeventos.com.ar\/salones\/parque-chacabuco-curapaligue\/","name":"Sal\u00f3n Parque Chacabuco Curapaligue - Yarne Eventos","isPartOf":{"@id":"https:\/\/yarneeventos.com.ar\/salones\/#website"},"primaryImageOfPage":{"@id":"https:\/\/yarneeventos.com.ar\/salones\/parque-chacabuco-curapaligue\/#primaryimage"},"image":{"@id":"https:\/\/yarneeventos.com.ar\/salones\/parque-chacabuco-curapaligue\/#primaryimage"},"thumbnailUrl":"https:\/\/yarneeventos.com.ar\/salones\/wp-content\/uploads\/2024\/05\/e1f72997-d78c-4b17-a231-6d39a4c15abd-1024x682.jpg","datePublished":"2024-05-20T15:33:29+00:00","dateModified":"2026-02-20T12:42:03+00:00","breadcrumb":{"@id":"https:\/\/yarneeventos.com.ar\/salones\/parque-chacabuco-curapaligue\/#breadcrumb"},"inLanguage":"es","potentialAction":[{"@type":"ReadAction","target":["https:\/\/yarneeventos.com.ar\/salones\/parque-chacabuco-curapaligue\/"]}]},{"@type":"ImageObject","inLanguage":"es","@id":"https:\/\/yarneeventos.com.ar\/salones\/parque-chacabuco-curapaligue\/#primaryimage","url":"https:\/\/yarneeventos.com.ar\/salones\/wp-content\/uploads\/2024\/05\/e1f72997-d78c-4b17-a231-6d39a4c15abd.jpg","contentUrl":"https:\/\/yarneeventos.com.ar\/salones\/wp-content\/uploads\/2024\/05\/e1f72997-d78c-4b17-a231-6d39a4c15abd.jpg","width":1600,"height":1066},{"@type":"BreadcrumbList","@id":"https:\/\/yarneeventos.com.ar\/salones\/parque-chacabuco-curapaligue\/#breadcrumb","itemListElement":[{"@type":"ListItem","position":1,"name":"Portada","item":"https:\/\/yarneeventos.com.ar\/salones\/"},{"@type":"ListItem","position":2,"name":"Sal\u00f3n Parque Chacabuco Curapaligue"}]},{"@type":"WebSite","@id":"https:\/\/yarneeventos.com.ar\/salones\/#website","url":"https:\/\/yarneeventos.com.ar\/salones\/","name":"Yarne Eventos","description":"Salones de fiestas","potentialAction":[{"@type":"SearchAction","target":{"@type":"EntryPoint","urlTemplate":"https:\/\/yarneeventos.com.ar\/salones\/?s={search_term_string}"},"query-input":{"@type":"PropertyValueSpecification","valueRequired":true,"valueName":"search_term_string"}}],"inLanguage":"es"}]}},"_links":{"self":[{"href":"https:\/\/yarneeventos.com.ar\/salones\/wp-json\/wp\/v2\/pages\/5","targetHints":{"allow":["GET"]}}],"collection":[{"href":"https:\/\/yarneeventos.com.ar\/salones\/wp-json\/wp\/v2\/pages"}],"about":[{"href":"https:\/\/yarneeventos.com.ar\/salones\/wp-json\/wp\/v2\/types\/page"}],"author":[{"embeddable":true,"href":"https:\/\/yarneeventos.com.ar\/salones\/wp-json\/wp\/v2\/users\/2"}],"replies":[{"embeddable":true,"href":"https:\/\/yarneeventos.com.ar\/salones\/wp-json\/wp\/v2\/comments?post=5"}],"version-history":[{"count":2,"href":"https:\/\/yarneeventos.com.ar\/salones\/wp-json\/wp\/v2\/pages\/5\/revisions"}],"predecessor-version":[{"id":461,"href":"https:\/\/yarneeventos.com.ar\/salones\/wp-json\/wp\/v2\/pages\/5\/revisions\/461"}],"wp:attachment":[{"href":"https:\/\/yarneeventos.com.ar\/salones\/wp-json\/wp\/v2\/media?parent=5"}],"curies":[{"name":"wp","href":"https:\/\/api.w.org\/{rel}","templated":true}]}}